{"id":2383,"date":"2024-07-02T16:40:19","date_gmt":"2024-07-02T14:40:19","guid":{"rendered":"https:\/\/www.efg-oldesloe.de\/wordpress\/?page_id=2383"},"modified":"2026-02-07T16:57:03","modified_gmt":"2026-02-07T15:57:03","slug":"jobs","status":"publish","type":"page","link":"https:\/\/www.efg-oldesloe.de\/wordpress\/jobs\/","title":{"rendered":"Jobs"},"content":{"rendered":"\t\t<div data-elementor-type=\"wp-page\" data-elementor-id=\"2383\" class=\"elementor elementor-2383\">\n\t\t\t\t\t\t<section class=\"elementor-section elementor-top-section elementor-element elementor-element-7e22bb24 elementor-hidden-mobile elementor-section-boxed elementor-section-height-default elementor-section-height-default exad-glass-effect-no exad-sticky-section-no\" data-id=\"7e22bb24\" data-element_type=\"section\" data-e-type=\"section\" data-settings=\"{&quot;background_background&quot;:&quot;classic&quot;}\">\n\t\t\t\t\t\t<div class=\"elementor-container elementor-column-gap-default\">\n\t\t\t\t\t<div class=\"elementor-column elementor-col-100 elementor-top-column elementor-element elementor-element-409b8e16 exad-glass-effect-no exad-sticky-section-no\" data-id=\"409b8e16\" data-element_type=\"column\" data-e-type=\"column\" data-settings=\"{&quot;background_background&quot;:&quot;classic&quot;}\">\n\t\t\t<div class=\"elementor-widget-wrap elementor-element-populated\">\n\t\t\t\t\t\t<div class=\"elementor-element elementor-element-346d96df exad-sticky-section-no exad-glass-effect-no elementor-widget elementor-widget-spacer\" data-id=\"346d96df\" data-element_type=\"widget\" data-e-type=\"widget\" data-widget_type=\"spacer.default\">\n\t\t\t\t<div class=\"elementor-widget-container\">\n\t\t\t\t\t\t\t<div class=\"elementor-spacer\">\n\t\t\t<div class=\"elementor-spacer-inner\"><\/div>\n\t\t<\/div>\n\t\t\t\t\t\t<\/div>\n\t\t\t\t<\/div>\n\t\t\t\t<div class=\"elementor-element elementor-element-cc0209 exad-sticky-section-no exad-glass-effect-no elementor-widget elementor-widget-heading\" data-id=\"cc0209\" data-element_type=\"widget\" data-e-type=\"widget\" data-widget_type=\"heading.default\">\n\t\t\t\t<div class=\"elementor-widget-container\">\n\t\t\t\t\t<h2 class=\"elementor-heading-title elementor-size-default\">Jobs<\/h2>\t\t\t\t<\/div>\n\t\t\t\t<\/div>\n\t\t\t\t<div class=\"elementor-element elementor-element-4e61b668 exad-sticky-section-no exad-glass-effect-no elementor-widget elementor-widget-text-editor\" data-id=\"4e61b668\" data-element_type=\"widget\" data-e-type=\"widget\" data-widget_type=\"text-editor.default\">\n\t\t\t\t<div class=\"elementor-widget-container\">\n\t\t\t\t\t\t\t\t\t<p>Wir brauchen deine Unterst\u00fctzung<\/p>\t\t\t\t\t\t\t\t<\/div>\n\t\t\t\t<\/div>\n\t\t\t\t<div class=\"elementor-element elementor-element-21ebe67f exad-sticky-section-no exad-glass-effect-no elementor-widget elementor-widget-spacer\" data-id=\"21ebe67f\" data-element_type=\"widget\" data-e-type=\"widget\" data-widget_type=\"spacer.default\">\n\t\t\t\t<div class=\"elementor-widget-container\">\n\t\t\t\t\t\t\t<div class=\"elementor-spacer\">\n\t\t\t<div class=\"elementor-spacer-inner\"><\/div>\n\t\t<\/div>\n\t\t\t\t\t\t<\/div>\n\t\t\t\t<\/div>\n\t\t\t\t\t<\/div>\n\t\t<\/div>\n\t\t\t\t\t<\/div>\n\t\t<\/section>\n\t\t\t\t<section class=\"elementor-section elementor-top-section elementor-element elementor-element-e9f650c elementor-section-boxed elementor-section-height-default elementor-section-height-default exad-glass-effect-no exad-sticky-section-no\" data-id=\"e9f650c\" data-element_type=\"section\" data-e-type=\"section\">\n\t\t\t\t\t\t<div class=\"elementor-container elementor-column-gap-default\">\n\t\t\t\t\t<div class=\"elementor-column elementor-col-50 elementor-top-column elementor-element elementor-element-e9f87e5 exad-glass-effect-no exad-sticky-section-no\" data-id=\"e9f87e5\" data-element_type=\"column\" data-e-type=\"column\">\n\t\t\t<div class=\"elementor-widget-wrap elementor-element-populated\">\n\t\t\t\t\t\t<div class=\"elementor-element elementor-element-3c5538f exad-sticky-section-no exad-glass-effect-no elementor-widget elementor-widget-spacer\" data-id=\"3c5538f\" data-element_type=\"widget\" data-e-type=\"widget\" data-widget_type=\"spacer.default\">\n\t\t\t\t<div class=\"elementor-widget-container\">\n\t\t\t\t\t\t\t<div class=\"elementor-spacer\">\n\t\t\t<div class=\"elementor-spacer-inner\"><\/div>\n\t\t<\/div>\n\t\t\t\t\t\t<\/div>\n\t\t\t\t<\/div>\n\t\t\t\t<div class=\"elementor-element elementor-element-05ec4a5 exad-sticky-section-no exad-glass-effect-no elementor-widget elementor-widget-heading\" data-id=\"05ec4a5\" data-element_type=\"widget\" data-e-type=\"widget\" data-widget_type=\"heading.default\">\n\t\t\t\t<div class=\"elementor-widget-container\">\n\t\t\t\t\t<h2 class=\"elementor-heading-title elementor-size-default\">Jugendreferent\/in (m\/w\/d)<\/h2>\t\t\t\t<\/div>\n\t\t\t\t<\/div>\n\t\t\t\t<div class=\"elementor-element elementor-element-2f658871 exad-sticky-section-no exad-glass-effect-no elementor-widget elementor-widget-text-editor\" data-id=\"2f658871\" data-element_type=\"widget\" data-e-type=\"widget\" data-widget_type=\"text-editor.default\">\n\t\t\t\t<div class=\"elementor-widget-container\">\n\t\t\t\t\t\t\t\t\t<p>Wir suchen <strong>eine\/n leidenschaftliche\/n Kinder- und Jugendreferent\/in<\/strong> f\u00fcr die Evangelisch-Freikirchliche Gemeinde in Bad Oldesloe.<\/p><div class=\"et_pb_module et_pb_text et_pb_text_2 et_pb_text_align_left et_pb_bg_layout_light\"><div class=\"et_pb_text_inner\"><p>In dieser Position wirst Du die <strong>ehrenamtlichen Mitarbeiter\/innen beim Aufbau und der Stabilisierung einer langfristigen Jugendarbeit begleiten und tatkr\u00e4ftig unterst\u00fctzen.<\/strong><br \/>Au\u00dfer der Gemeindejugend gibt es <strong>eine gut etablierte Pfadfinderarbeit.<\/strong> Die Mitarbeiter\/innen sind zur Zeit nicht in der Lage die Nachfrage zu decken. Auch hier ist Deine Mitarbeit gefragt.<br \/>Ein weiterer <strong>Schwerpunkt Deiner Arbeit wird das Netzwerken<\/strong> sein. Kontakte zu anderen Gemeinden in Bad Oldesloe und Umgebung, Kontakte in die Stadt hinein zu Schulen und freien Tr\u00e4gern der Jugendarbeit sollen vertieft und weiterentwickelt werden.<br \/><strong>Im Winterhalbjahr<\/strong> stellt die Gemeinde <strong>dreimal f\u00fcr jeweils eine Woche<\/strong> das Gemeindehaus f\u00fcr Kinder im Alter von 1 \u2013 5 Jahren als <strong>Winterspielplatz<\/strong> zur Verf\u00fcgung. <strong>Es gibt den Bedarf in dieser Zeit ein Programm f\u00fcr die \u00e4lteren Geschwister anzubieten,<\/strong> 6 \u2013 10. Dabei ist Deine Unterst\u00fctzung gew\u00fcnscht.<br \/>Au\u00dfer diesen Schwerpunkten <strong>gibt es viel Raum f\u00fcr Dich, Dich Deinen St\u00e4rken und Neigungen entsprechend einzubringen.<\/strong><\/p><p>Wir geh\u00f6ren als Evangelisch-Freikirchliche Gemeinde zum BEFG. Zu unseren Mitglieder geh\u00f6ren viele Familien mit Kindern in unterschiedlichen Altersgruppen. <strong>Uns ist es wichtig Gemeinde vor Ort zu sein.<\/strong> Die Menschen, die zur Gemeinde kommen, unabh\u00e4ngig davon, ob sie Gemeindeglieder sind oder nicht, <strong>sollen in ihrem Glauben gest\u00e4rkt werden und eine geistliche Heimat finden k\u00f6nnen<\/strong>. Wir wissen, das gelingt nur mit guten, intakten Beziehungen. Darum ist auch in der Besetzung der offenen Stelle an eine <strong>langfristige Zusammenarbeit<\/strong> gedacht.<\/p><p>Wenn Du einerseits <strong>eigenst\u00e4ndig arbeiten und Dich selbst gut organisieren kannst,<\/strong> andererseits aber auch <strong>gerne in Teams arbeitest<\/strong> und Teil einer Gemeinschaft sein willst, die <strong>gemeinsam Jesus nachfolgt und ihm dienen will und dann noch Dein Herz f\u00fcr Kinder und Jugendliche schl\u00e4gt,<\/strong> freuen wir uns auf Deine\u00a0<strong><a href=\"mailto:jobs@efg-oldesloe.de\">Bewerbung<\/a><\/strong>.<\/p><\/div><\/div>\t\t\t\t\t\t\t\t<\/div>\n\t\t\t\t<\/div>\n\t\t\t\t<div class=\"elementor-element elementor-element-e86e268 exad-sticky-section-no exad-glass-effect-no elementor-widget elementor-widget-heading\" data-id=\"e86e268\" data-element_type=\"widget\" data-e-type=\"widget\" data-widget_type=\"heading.default\">\n\t\t\t\t<div class=\"elementor-widget-container\">\n\t\t\t\t\t<h2 class=\"elementor-heading-title elementor-size-default\">Anforderungen:<\/h2>\t\t\t\t<\/div>\n\t\t\t\t<\/div>\n\t\t\t\t<div class=\"elementor-element elementor-element-d6bf480 exad-sticky-section-no exad-glass-effect-no elementor-widget elementor-widget-text-editor\" data-id=\"d6bf480\" data-element_type=\"widget\" data-e-type=\"widget\" data-widget_type=\"text-editor.default\">\n\t\t\t\t<div class=\"elementor-widget-container\">\n\t\t\t\t\t\t\t\t\t<div class=\"et_pb_module et_pb_text et_pb_text_2 et_pb_text_align_left et_pb_bg_layout_light\"><div class=\"et_pb_text_inner\"><ul><li><p>Jesus im Mittelpunkt<\/p><\/li><li><p>Aus- oder Weiterbildung im Bereich Theologie, Gemeindep\u00e4dagogik oder vergleichbare Qualifikation.<\/p><\/li><li><p>Erfahrung in der Jugendarbeit, idealerweise im kirchlichen Kontext<\/p><\/li><li><p>Kreativit\u00e4t, Flexibilit\u00e4t und Teamf\u00e4higkeit<\/p><\/li><li><p>Gute, klare Kommunikation, empathischer Umgang mit Kindern, Jugendlichen und Ehrenamtlichen.<\/p><\/li><\/ul><\/div><\/div>\t\t\t\t\t\t\t\t<\/div>\n\t\t\t\t<\/div>\n\t\t\t\t<div class=\"elementor-element elementor-element-d0ac406 exad-sticky-section-no exad-glass-effect-no elementor-widget elementor-widget-heading\" data-id=\"d0ac406\" data-element_type=\"widget\" data-e-type=\"widget\" data-widget_type=\"heading.default\">\n\t\t\t\t<div class=\"elementor-widget-container\">\n\t\t\t\t\t<h2 class=\"elementor-heading-title elementor-size-default\">Wir bieten:<\/h2>\t\t\t\t<\/div>\n\t\t\t\t<\/div>\n\t\t\t\t<div class=\"elementor-element elementor-element-93d96fe exad-sticky-section-no exad-glass-effect-no elementor-widget elementor-widget-text-editor\" data-id=\"93d96fe\" data-element_type=\"widget\" data-e-type=\"widget\" data-widget_type=\"text-editor.default\">\n\t\t\t\t<div class=\"elementor-widget-container\">\n\t\t\t\t\t\t\t\t\t<div class=\"et_pb_module et_pb_text et_pb_text_2 et_pb_text_align_left et_pb_bg_layout_light\"><div class=\"et_pb_text_inner\"><ul><li><p>Eine 75-Prozent-Stelle<\/p><\/li><li><p>Eine verantwortungsvolle und abwechslungsreiche T\u00e4tigkeit in einem dynamischen Umfeld<\/p><\/li><li><p>Raum f\u00fcr pers\u00f6nliche und berufliche Weiterentwicklung<\/p><\/li><li><p>Eine wertsch\u00e4tzende und offene Arbeitsatmosph\u00e4re in einer lebendigen Gemeinde.<\/p><\/li><\/ul><\/div><\/div>\t\t\t\t\t\t\t\t<\/div>\n\t\t\t\t<\/div>\n\t\t\t\t<div class=\"elementor-element elementor-element-336b696 exad-sticky-section-no exad-glass-effect-no elementor-widget elementor-widget-text-editor\" data-id=\"336b696\" data-element_type=\"widget\" data-e-type=\"widget\" data-widget_type=\"text-editor.default\">\n\t\t\t\t<div class=\"elementor-widget-container\">\n\t\t\t\t\t\t\t\t\t<span style=\"color: #003447;\"><strong>Wir freuen uns auf Deine aussagekr\u00e4ftige Bewerbung.<\/strong><\/span>\t\t\t\t\t\t\t\t<\/div>\n\t\t\t\t<\/div>\n\t\t\t\t<div class=\"elementor-element elementor-element-e0bbe12 exad-sticky-section-no exad-glass-effect-no elementor-widget elementor-widget-heading\" data-id=\"e0bbe12\" data-element_type=\"widget\" data-e-type=\"widget\" data-widget_type=\"heading.default\">\n\t\t\t\t<div class=\"elementor-widget-container\">\n\t\t\t\t\t<h2 class=\"elementor-heading-title elementor-size-default\">Sebastian Schr\u00f6der, Eckhard Harm und Samuel Jeschke<\/h2>\t\t\t\t<\/div>\n\t\t\t\t<\/div>\n\t\t\t\t<div class=\"elementor-element elementor-element-5c6e83a exad-sticky-section-no exad-glass-effect-no elementor-widget elementor-widget-text-editor\" data-id=\"5c6e83a\" data-element_type=\"widget\" data-e-type=\"widget\" data-widget_type=\"text-editor.default\">\n\t\t\t\t<div class=\"elementor-widget-container\">\n\t\t\t\t\t\t\t\t\t<p>Bei Fragen stehen wir Dir gerne zur Verf\u00fcgung unter:<\/p>\t\t\t\t\t\t\t\t<\/div>\n\t\t\t\t<\/div>\n\t\t\t\t<div class=\"elementor-element elementor-element-582246a exad-sticky-section-no exad-glass-effect-no elementor-widget elementor-widget-text-editor\" data-id=\"582246a\" data-element_type=\"widget\" data-e-type=\"widget\" data-widget_type=\"text-editor.default\">\n\t\t\t\t<div class=\"elementor-widget-container\">\n\t\t\t\t\t\t\t\t\t<p><span style=\"color: #ef972c;\"><strong>Telefonnummer:<\/strong> <\/span><span style=\"color: #005a7a;\">04531 4257420<\/span><\/p><p><strong><span style=\"color: #ef972c;\">Mail:\u00a0<\/span><\/strong><span style=\"color: #ef972c;\">\u00a0<\/span><a href=\"mailto:jobs@efg-oldesloe.de\">jobs@efg-oldesloe.de<\/a><\/p>\t\t\t\t\t\t\t\t<\/div>\n\t\t\t\t<\/div>\n\t\t\t\t<div class=\"elementor-element elementor-element-a677ce4 exad-sticky-section-no exad-glass-effect-no elementor-widget elementor-widget-spacer\" data-id=\"a677ce4\" data-element_type=\"widget\" data-e-type=\"widget\" data-widget_type=\"spacer.default\">\n\t\t\t\t<div class=\"elementor-widget-container\">\n\t\t\t\t\t\t\t<div class=\"elementor-spacer\">\n\t\t\t<div class=\"elementor-spacer-inner\"><\/div>\n\t\t<\/div>\n\t\t\t\t\t\t<\/div>\n\t\t\t\t<\/div>\n\t\t\t\t\t<\/div>\n\t\t<\/div>\n\t\t\t\t<div class=\"elementor-column elementor-col-50 elementor-top-column elementor-element elementor-element-1c7e67c exad-glass-effect-no exad-sticky-section-no\" data-id=\"1c7e67c\" data-element_type=\"column\" data-e-type=\"column\">\n\t\t\t<div class=\"elementor-widget-wrap elementor-element-populated\">\n\t\t\t\t\t\t<div class=\"elementor-element elementor-element-d3d0d51 exad-sticky-section-no exad-glass-effect-no elementor-widget elementor-widget-spacer\" data-id=\"d3d0d51\" data-element_type=\"widget\" data-e-type=\"widget\" data-widget_type=\"spacer.default\">\n\t\t\t\t<div class=\"elementor-widget-container\">\n\t\t\t\t\t\t\t<div class=\"elementor-spacer\">\n\t\t\t<div class=\"elementor-spacer-inner\"><\/div>\n\t\t<\/div>\n\t\t\t\t\t\t<\/div>\n\t\t\t\t<\/div>\n\t\t\t\t<div class=\"elementor-element elementor-element-875ce78 exad-sticky-section-no exad-glass-effect-no elementor-widget elementor-widget-image\" data-id=\"875ce78\" data-element_type=\"widget\" data-e-type=\"widget\" data-widget_type=\"image.default\">\n\t\t\t\t<div class=\"elementor-widget-container\">\n\t\t\t\t\t\t\t\t\t\t\t\t\t\t\t<img fetchpriority=\"high\" decoding=\"async\" width=\"722\" height=\"1024\" src=\"https:\/\/www.efg-oldesloe.de\/wordpress\/wp-content\/uploads\/2024\/06\/final_Stellenausschreibung-Flyer-722x1024.png\" class=\"attachment-large size-large wp-image-2315\" alt=\"\" srcset=\"https:\/\/www.efg-oldesloe.de\/wordpress\/wp-content\/uploads\/2024\/06\/final_Stellenausschreibung-Flyer-722x1024.png 722w, https:\/\/www.efg-oldesloe.de\/wordpress\/wp-content\/uploads\/2024\/06\/final_Stellenausschreibung-Flyer-212x300.png 212w, https:\/\/www.efg-oldesloe.de\/wordpress\/wp-content\/uploads\/2024\/06\/final_Stellenausschreibung-Flyer-768x1089.png 768w, https:\/\/www.efg-oldesloe.de\/wordpress\/wp-content\/uploads\/2024\/06\/final_Stellenausschreibung-Flyer-1083x1536.png 1083w, https:\/\/www.efg-oldesloe.de\/wordpress\/wp-content\/uploads\/2024\/06\/final_Stellenausschreibung-Flyer.png 1410w\" sizes=\"(max-width: 722px) 100vw, 722px\" \/>\t\t\t\t\t\t\t\t\t\t\t\t\t\t\t<\/div>\n\t\t\t\t<\/div>\n\t\t\t\t\t<\/div>\n\t\t<\/div>\n\t\t\t\t\t<\/div>\n\t\t<\/section>\n\t\t\t\t<section class=\"elementor-section elementor-top-section elementor-element elementor-element-40efba18 elementor-section-boxed elementor-section-height-default elementor-section-height-default exad-glass-effect-no exad-sticky-section-no\" data-id=\"40efba18\" data-element_type=\"section\" data-e-type=\"section\">\n\t\t\t\t\t\t<div class=\"elementor-container elementor-column-gap-default\">\n\t\t\t\t\t<div class=\"elementor-column elementor-col-100 elementor-top-column elementor-element elementor-element-4cb5bfac exad-glass-effect-no exad-sticky-section-no\" data-id=\"4cb5bfac\" data-element_type=\"column\" data-e-type=\"column\">\n\t\t\t<div class=\"elementor-widget-wrap\">\n\t\t\t\t\t\t\t<\/div>\n\t\t<\/div>\n\t\t\t\t\t<\/div>\n\t\t<\/section>\n\t\t\t\t<\/div>\n\t\t","protected":false},"excerpt":{"rendered":"<p>Jobs Wir brauchen deine Unterst\u00fctzung Jugendreferent\/in (m\/w\/d) Wir suchen eine\/n leidenschaftliche\/n Kinder- und Jugendreferent\/in f\u00fcr die Evangelisch-Freikirchliche Gemeinde in Bad Oldesloe. In dieser Position wirst Du die ehrenamtlichen Mitarbeiter\/innen beim Aufbau und der Stabilisierung einer langfristigen Jugendarbeit begleiten und tatkr\u00e4ftig unterst\u00fctzen.Au\u00dfer der Gemeindejugend gibt es eine gut etablierte Pfadfinderarbeit. Die Mitarbeiter\/innen sind zur Zeit nicht [&hellip;]<\/p>\n","protected":false},"author":1,"featured_media":0,"parent":0,"menu_order":0,"comment_status":"closed","ping_status":"closed","template":"","meta":{"ocean_post_layout":"full-screen","ocean_both_sidebars_style":"","ocean_both_sidebars_content_width":0,"ocean_both_sidebars_sidebars_width":0,"ocean_sidebar":"0","ocean_second_sidebar":"0","ocean_disable_margins":"enable","ocean_add_body_class":"","ocean_shortcode_before_top_bar":"","ocean_shortcode_after_top_bar":"","ocean_shortcode_before_header":"","ocean_shortcode_after_header":"","ocean_has_shortcode":"","ocean_shortcode_after_title":"","ocean_shortcode_before_footer_widgets":"","ocean_shortcode_after_footer_widgets":"","ocean_shortcode_before_footer_bottom":"","ocean_shortcode_after_footer_bottom":"","ocean_display_top_bar":"default","ocean_display_header":"default","ocean_header_style":"","ocean_center_header_left_menu":"0","ocean_custom_header_template":"0","ocean_custom_logo":0,"ocean_custom_retina_logo":0,"ocean_custom_logo_max_width":0,"ocean_custom_logo_tablet_max_width":0,"ocean_custom_logo_mobile_max_width":0,"ocean_custom_logo_max_height":0,"ocean_custom_logo_tablet_max_height":0,"ocean_custom_logo_mobile_max_height":0,"ocean_header_custom_menu":"0","ocean_menu_typo_font_family":"0","ocean_menu_typo_font_subset":"","ocean_menu_typo_font_size":0,"ocean_menu_typo_font_size_tablet":0,"ocean_menu_typo_font_size_mobile":0,"ocean_menu_typo_font_size_unit":"px","ocean_menu_typo_font_weight":"","ocean_menu_typo_font_weight_tablet":"","ocean_menu_typo_font_weight_mobile":"","ocean_menu_typo_transform":"","ocean_menu_typo_transform_tablet":"","ocean_menu_typo_transform_mobile":"","ocean_menu_typo_line_height":0,"ocean_menu_typo_line_height_tablet":0,"ocean_menu_typo_line_height_mobile":0,"ocean_menu_typo_line_height_unit":"","ocean_menu_typo_spacing":0,"ocean_menu_typo_spacing_tablet":0,"ocean_menu_typo_spacing_mobile":0,"ocean_menu_typo_spacing_unit":"","ocean_menu_link_color":"","ocean_menu_link_color_hover":"","ocean_menu_link_color_active":"","ocean_menu_link_background":"","ocean_menu_link_hover_background":"","ocean_menu_link_active_background":"","ocean_menu_social_links_bg":"","ocean_menu_social_hover_links_bg":"","ocean_menu_social_links_color":"","ocean_menu_social_hover_links_color":"","ocean_disable_title":"on","ocean_disable_heading":"default","ocean_post_title":"","ocean_post_subheading":"","ocean_post_title_style":"","ocean_post_title_background_color":"","ocean_post_title_background":0,"ocean_post_title_bg_image_position":"","ocean_post_title_bg_image_attachment":"","ocean_post_title_bg_image_repeat":"","ocean_post_title_bg_image_size":"","ocean_post_title_height":0,"ocean_post_title_bg_overlay":0.5,"ocean_post_title_bg_overlay_color":"","ocean_disable_breadcrumbs":"default","ocean_breadcrumbs_color":"","ocean_breadcrumbs_separator_color":"","ocean_breadcrumbs_links_color":"","ocean_breadcrumbs_links_hover_color":"","ocean_display_footer_widgets":"off","ocean_display_footer_bottom":"default","ocean_custom_footer_template":"0","footnotes":""},"class_list":["post-2383","page","type-page","status-publish","hentry","entry"],"_links":{"self":[{"href":"https:\/\/www.efg-oldesloe.de\/wordpress\/wp-json\/wp\/v2\/pages\/2383","targetHints":{"allow":["GET"]}}],"collection":[{"href":"https:\/\/www.efg-oldesloe.de\/wordpress\/wp-json\/wp\/v2\/pages"}],"about":[{"href":"https:\/\/www.efg-oldesloe.de\/wordpress\/wp-json\/wp\/v2\/types\/page"}],"author":[{"embeddable":true,"href":"https:\/\/www.efg-oldesloe.de\/wordpress\/wp-json\/wp\/v2\/users\/1"}],"replies":[{"embeddable":true,"href":"https:\/\/www.efg-oldesloe.de\/wordpress\/wp-json\/wp\/v2\/comments?post=2383"}],"version-history":[{"count":10,"href":"https:\/\/www.efg-oldesloe.de\/wordpress\/wp-json\/wp\/v2\/pages\/2383\/revisions"}],"predecessor-version":[{"id":3901,"href":"https:\/\/www.efg-oldesloe.de\/wordpress\/wp-json\/wp\/v2\/pages\/2383\/revisions\/3901"}],"wp:attachment":[{"href":"https:\/\/www.efg-oldesloe.de\/wordpress\/wp-json\/wp\/v2\/media?parent=2383"}],"curies":[{"name":"wp","href":"https:\/\/api.w.org\/{rel}","templated":true}]}}