{"id":840,"date":"2021-11-06T15:30:44","date_gmt":"2021-11-06T14:30:44","guid":{"rendered":"https:\/\/www.efg-oldesloe.de\/wordpress\/?page_id=840"},"modified":"2025-04-27T13:32:46","modified_gmt":"2025-04-27T11:32:46","slug":"predigtmediathek","status":"publish","type":"page","link":"https:\/\/www.efg-oldesloe.de\/wordpress\/predigtmediathek\/","title":{"rendered":"Predigtmediathek"},"content":{"rendered":"\t\t<div data-elementor-type=\"wp-page\" data-elementor-id=\"840\" class=\"elementor elementor-840\">\n\t\t\t\t\t\t<section class=\"elementor-section elementor-top-section elementor-element elementor-element-bff3bf1 elementor-hidden-mobile elementor-section-boxed elementor-section-height-default elementor-section-height-default exad-glass-effect-no exad-sticky-section-no\" data-id=\"bff3bf1\" data-element_type=\"section\" data-e-type=\"section\" data-settings=\"{&quot;background_background&quot;:&quot;classic&quot;}\">\n\t\t\t\t\t\t<div class=\"elementor-container elementor-column-gap-default\">\n\t\t\t\t\t<div class=\"elementor-column elementor-col-100 elementor-top-column elementor-element elementor-element-2d9df4e0 exad-glass-effect-no exad-sticky-section-no\" data-id=\"2d9df4e0\" data-element_type=\"column\" data-e-type=\"column\" data-settings=\"{&quot;background_background&quot;:&quot;classic&quot;}\">\n\t\t\t<div class=\"elementor-widget-wrap elementor-element-populated\">\n\t\t\t\t\t\t<div class=\"elementor-element elementor-element-70978c38 exad-sticky-section-no exad-glass-effect-no elementor-widget elementor-widget-spacer\" data-id=\"70978c38\" data-element_type=\"widget\" data-e-type=\"widget\" data-widget_type=\"spacer.default\">\n\t\t\t\t<div class=\"elementor-widget-container\">\n\t\t\t\t\t\t\t<div class=\"elementor-spacer\">\n\t\t\t<div class=\"elementor-spacer-inner\"><\/div>\n\t\t<\/div>\n\t\t\t\t\t\t<\/div>\n\t\t\t\t<\/div>\n\t\t\t\t<div class=\"elementor-element elementor-element-525fa86 exad-sticky-section-no exad-glass-effect-no elementor-widget elementor-widget-heading\" data-id=\"525fa86\" data-element_type=\"widget\" data-e-type=\"widget\" data-widget_type=\"heading.default\">\n\t\t\t\t<div class=\"elementor-widget-container\">\n\t\t\t\t\t<h2 class=\"elementor-heading-title elementor-size-default\">Predigtmediathek<\/h2>\t\t\t\t<\/div>\n\t\t\t\t<\/div>\n\t\t\t\t<div class=\"elementor-element elementor-element-c3fdca6 elementor-hidden-mobile exad-sticky-section-no exad-glass-effect-no elementor-widget elementor-widget-text-editor\" data-id=\"c3fdca6\" data-element_type=\"widget\" data-e-type=\"widget\" data-widget_type=\"text-editor.default\">\n\t\t\t\t<div class=\"elementor-widget-container\">\n\t\t\t\t\t\t\t\t\t<p>Egal ob du die Predigt verpasst hast oder wenn du sie noch einmal h\u00f6ren m\u00f6chtest. Hier hast du die M\u00f6glichkeit<\/p>\t\t\t\t\t\t\t\t<\/div>\n\t\t\t\t<\/div>\n\t\t\t\t<div class=\"elementor-element elementor-element-22e5069f exad-sticky-section-no exad-glass-effect-no elementor-widget elementor-widget-spacer\" data-id=\"22e5069f\" data-element_type=\"widget\" data-e-type=\"widget\" data-widget_type=\"spacer.default\">\n\t\t\t\t<div class=\"elementor-widget-container\">\n\t\t\t\t\t\t\t<div class=\"elementor-spacer\">\n\t\t\t<div class=\"elementor-spacer-inner\"><\/div>\n\t\t<\/div>\n\t\t\t\t\t\t<\/div>\n\t\t\t\t<\/div>\n\t\t\t\t\t<\/div>\n\t\t<\/div>\n\t\t\t\t\t<\/div>\n\t\t<\/section>\n\t\t\t\t<section class=\"elementor-section elementor-top-section elementor-element elementor-element-57c3cf8 elementor-section-boxed elementor-section-height-default elementor-section-height-default exad-glass-effect-no exad-sticky-section-no\" data-id=\"57c3cf8\" data-element_type=\"section\" data-e-type=\"section\">\n\t\t\t\t\t\t<div class=\"elementor-container elementor-column-gap-default\">\n\t\t\t\t\t<div class=\"elementor-column elementor-col-100 elementor-top-column elementor-element elementor-element-7e7b5c1 exad-glass-effect-no exad-sticky-section-no\" data-id=\"7e7b5c1\" data-element_type=\"column\" data-e-type=\"column\">\n\t\t\t<div class=\"elementor-widget-wrap elementor-element-populated\">\n\t\t\t\t\t\t<div class=\"elementor-element elementor-element-3deb88f exad-sticky-section-no exad-glass-effect-no elementor-widget elementor-widget-spacer\" data-id=\"3deb88f\" data-element_type=\"widget\" data-e-type=\"widget\" data-widget_type=\"spacer.default\">\n\t\t\t\t<div class=\"elementor-widget-container\">\n\t\t\t\t\t\t\t<div class=\"elementor-spacer\">\n\t\t\t<div class=\"elementor-spacer-inner\"><\/div>\n\t\t<\/div>\n\t\t\t\t\t\t<\/div>\n\t\t\t\t<\/div>\n\t\t\t\t\t<\/div>\n\t\t<\/div>\n\t\t\t\t\t<\/div>\n\t\t<\/section>\n\t\t\t\t<section class=\"elementor-section elementor-top-section elementor-element elementor-element-5a0e188 elementor-section-boxed elementor-section-height-default elementor-section-height-default exad-glass-effect-no exad-sticky-section-no\" data-id=\"5a0e188\" data-element_type=\"section\" data-e-type=\"section\">\n\t\t\t\t\t\t<div class=\"elementor-container elementor-column-gap-default\">\n\t\t\t\t\t<div class=\"elementor-column elementor-col-100 elementor-top-column elementor-element elementor-element-76443a5 exad-glass-effect-no exad-sticky-section-no\" data-id=\"76443a5\" data-element_type=\"column\" data-e-type=\"column\">\n\t\t\t<div class=\"elementor-widget-wrap elementor-element-populated\">\n\t\t\t\t\t\t<div class=\"elementor-element elementor-element-3c82942 exad-sticky-section-no exad-glass-effect-no elementor-widget elementor-widget-exad-post-grid\" data-id=\"3c82942\" data-element_type=\"widget\" data-e-type=\"widget\" data-widget_type=\"exad-post-grid.default\">\n\t\t\t\t<div class=\"elementor-widget-container\">\n\t\t\t\t\t\t\t\r\n\r\n\t\t<div class=\"exad-post-grid\">\r\n\t\t\t<div class=\"exad-row-wrapper\">\r\n\t\t\t\t\r\n<article class=\"exad-post-grid-three exad-col  \">\r\n    <div class=\"exad-post-grid-container image-position- exad-post-grid-equal-height-no\">\r\n        \t\t\r\n\t\t        <div class=\"exad-post-grid-body\">\r\n            \t\t\t\t\r\n\t\t\t\t\t\t\t\r\n                    <h3>\r\n\t\t\t\t\t\r\n\t\t\t\t\t\t\t\t\r\n                        <a href=\"https:\/\/www.efg-oldesloe.de\/wordpress\/03-05-2026-jens-thomas-psalm-98-cantate\/\" class=\"exad-post-grid-title\">03.05.2026 &#8211; Jens Thomas &#8211; Psalm 98, Cantate<\/a>\r\n\t\t\t\t\t\t\r\n\t\t\t\t\t\t\r\n                    <\/h3>\r\n\t\t\t\t\t\r\n\t\t\t\t\t\t\t\t\r\n                                <div class=\"exad-post-footer\"><a href=\"https:\/\/www.efg-oldesloe.de\/wordpress\/03-05-2026-jens-thomas-psalm-98-cantate\/\" target=\"_blank\" class=\"read-more\">Anh\u00f6ren<\/a><\/div>\r\n                                <ul class=\"exad-post-data show-avatar-no\">\r\n                                                <li class=\"exad-post-date\">\r\n                                <span>\r\n                                    Ver\u00f6ffentlicht:                                    <a href=\"https:\/\/www.efg-oldesloe.de\/wordpress\/03-05-2026-jens-thomas-psalm-98-cantate\/\" class=\"exad-post-grid-author-date\">3. Mai 2026<\/a>\r\n                                <\/span>                          \r\n                            <\/li>\r\n                           \r\n                    <\/ul>\r\n                \r\n        <\/div>\r\n        \t\t\r\n\t\t\t\t\r\n    <\/div>\r\n<\/article>\r\n\r\n<article class=\"exad-post-grid-three exad-col  \">\r\n    <div class=\"exad-post-grid-container image-position- exad-post-grid-equal-height-no\">\r\n        \t\t\r\n\t\t        <div class=\"exad-post-grid-body\">\r\n            \t\t\t\t\r\n\t\t\t\t\t\t\t\r\n                    <h3>\r\n\t\t\t\t\t\r\n\t\t\t\t\t\t\t\t\r\n                        <a href=\"https:\/\/www.efg-oldesloe.de\/wordpress\/26-04-2026-detlef-kassow-dem-heiligen-geist-etwas-zutrauen\/\" class=\"exad-post-grid-title\">26.04.2026 &#8211; Detlef Kassow &#8211; Dem heiligen Geist etwas zutrauen<\/a>\r\n\t\t\t\t\t\t\r\n\t\t\t\t\t\t\r\n                    <\/h3>\r\n\t\t\t\t\t\r\n\t\t\t\t\t\t\t\t\r\n                                <div class=\"exad-post-footer\"><a href=\"https:\/\/www.efg-oldesloe.de\/wordpress\/26-04-2026-detlef-kassow-dem-heiligen-geist-etwas-zutrauen\/\" target=\"_blank\" class=\"read-more\">Anh\u00f6ren<\/a><\/div>\r\n                                <ul class=\"exad-post-data show-avatar-no\">\r\n                                                <li class=\"exad-post-date\">\r\n                                <span>\r\n                                    Ver\u00f6ffentlicht:                                    <a href=\"https:\/\/www.efg-oldesloe.de\/wordpress\/26-04-2026-detlef-kassow-dem-heiligen-geist-etwas-zutrauen\/\" class=\"exad-post-grid-author-date\">3. Mai 2026<\/a>\r\n                                <\/span>                          \r\n                            <\/li>\r\n                           \r\n                    <\/ul>\r\n                \r\n        <\/div>\r\n        \t\t\r\n\t\t\t\t\r\n    <\/div>\r\n<\/article>\r\n\r\n<article class=\"exad-post-grid-three exad-col  \">\r\n    <div class=\"exad-post-grid-container image-position- exad-post-grid-equal-height-no\">\r\n        \t\t\r\n\t\t        <div class=\"exad-post-grid-body\">\r\n            \t\t\t\t\r\n\t\t\t\t\t\t\t\r\n                    <h3>\r\n\t\t\t\t\t\r\n\t\t\t\t\t\t\t\t\r\n                        <a href=\"https:\/\/www.efg-oldesloe.de\/wordpress\/19-04-2026-online-nicht-verfuegbar\/\" class=\"exad-post-grid-title\">19.04.2026 &#8211; online nicht verf\u00fcgbar<\/a>\r\n\t\t\t\t\t\t\r\n\t\t\t\t\t\t\r\n                    <\/h3>\r\n\t\t\t\t\t\r\n\t\t\t\t\t\t\t\t\r\n                                <div class=\"exad-post-footer\"><a href=\"https:\/\/www.efg-oldesloe.de\/wordpress\/19-04-2026-online-nicht-verfuegbar\/\" target=\"_blank\" class=\"read-more\">Anh\u00f6ren<\/a><\/div>\r\n                                <ul class=\"exad-post-data show-avatar-no\">\r\n                                                <li class=\"exad-post-date\">\r\n                                <span>\r\n                                    Ver\u00f6ffentlicht:                                    <a href=\"https:\/\/www.efg-oldesloe.de\/wordpress\/19-04-2026-online-nicht-verfuegbar\/\" class=\"exad-post-grid-author-date\">3. Mai 2026<\/a>\r\n                                <\/span>                          \r\n                            <\/li>\r\n                           \r\n                    <\/ul>\r\n                \r\n        <\/div>\r\n        \t\t\r\n\t\t\t\t\r\n    <\/div>\r\n<\/article>\r\n\r\n<article class=\"exad-post-grid-three exad-col  \">\r\n    <div class=\"exad-post-grid-container image-position- exad-post-grid-equal-height-no\">\r\n        \t\t\r\n\t\t        <div class=\"exad-post-grid-body\">\r\n            \t\t\t\t\r\n\t\t\t\t\t\t\t\r\n                    <h3>\r\n\t\t\t\t\t\r\n\t\t\t\t\t\t\t\t\r\n                        <a href=\"https:\/\/www.efg-oldesloe.de\/wordpress\/12-04-2026-dieter-kurz-das-haus-gottes-die-gemeinde\/\" class=\"exad-post-grid-title\">12.04.2026 &#8211; Dieter Kurz &#8211; Das Haus Gottes, die Gemeinde<\/a>\r\n\t\t\t\t\t\t\r\n\t\t\t\t\t\t\r\n                    <\/h3>\r\n\t\t\t\t\t\r\n\t\t\t\t\t\t\t\t\r\n                                <div class=\"exad-post-footer\"><a href=\"https:\/\/www.efg-oldesloe.de\/wordpress\/12-04-2026-dieter-kurz-das-haus-gottes-die-gemeinde\/\" target=\"_blank\" class=\"read-more\">Anh\u00f6ren<\/a><\/div>\r\n                                <ul class=\"exad-post-data show-avatar-no\">\r\n                                                <li class=\"exad-post-date\">\r\n                                <span>\r\n                                    Ver\u00f6ffentlicht:                                    <a href=\"https:\/\/www.efg-oldesloe.de\/wordpress\/12-04-2026-dieter-kurz-das-haus-gottes-die-gemeinde\/\" class=\"exad-post-grid-author-date\">17. April 2026<\/a>\r\n                                <\/span>                          \r\n                            <\/li>\r\n                           \r\n                    <\/ul>\r\n                \r\n        <\/div>\r\n        \t\t\r\n\t\t\t\t\r\n    <\/div>\r\n<\/article>\r\n\r\n<article class=\"exad-post-grid-three exad-col  \">\r\n    <div class=\"exad-post-grid-container image-position- exad-post-grid-equal-height-no\">\r\n        \t\t\r\n\t\t        <div class=\"exad-post-grid-body\">\r\n            \t\t\t\t\r\n\t\t\t\t\t\t\t\r\n                    <h3>\r\n\t\t\t\t\t\r\n\t\t\t\t\t\t\t\t\r\n                        <a href=\"https:\/\/www.efg-oldesloe.de\/wordpress\/05-04-2026-sebastian-schroeder-ostern\/\" class=\"exad-post-grid-title\">05.04.2026 &#8211; Sebastian Schr\u00f6der &#8211; Ostern<\/a>\r\n\t\t\t\t\t\t\r\n\t\t\t\t\t\t\r\n                    <\/h3>\r\n\t\t\t\t\t\r\n\t\t\t\t\t\t\t\t\r\n                                <div class=\"exad-post-footer\"><a href=\"https:\/\/www.efg-oldesloe.de\/wordpress\/05-04-2026-sebastian-schroeder-ostern\/\" target=\"_blank\" class=\"read-more\">Anh\u00f6ren<\/a><\/div>\r\n                                <ul class=\"exad-post-data show-avatar-no\">\r\n                                                <li class=\"exad-post-date\">\r\n                                <span>\r\n                                    Ver\u00f6ffentlicht:                                    <a href=\"https:\/\/www.efg-oldesloe.de\/wordpress\/05-04-2026-sebastian-schroeder-ostern\/\" class=\"exad-post-grid-author-date\">17. April 2026<\/a>\r\n                                <\/span>                          \r\n                            <\/li>\r\n                           \r\n                    <\/ul>\r\n                \r\n        <\/div>\r\n        \t\t\r\n\t\t\t\t\r\n    <\/div>\r\n<\/article>\r\n\r\n<article class=\"exad-post-grid-three exad-col  \">\r\n    <div class=\"exad-post-grid-container image-position- exad-post-grid-equal-height-no\">\r\n        \t\t\r\n\t\t        <div class=\"exad-post-grid-body\">\r\n            \t\t\t\t\r\n\t\t\t\t\t\t\t\r\n                    <h3>\r\n\t\t\t\t\t\r\n\t\t\t\t\t\t\t\t\r\n                        <a href=\"https:\/\/www.efg-oldesloe.de\/wordpress\/03-04-2026-olaf-jahn-karfreitag\/\" class=\"exad-post-grid-title\">03.04.2026 &#8211; Olaf Jahn &#8211; Karfreitag<\/a>\r\n\t\t\t\t\t\t\r\n\t\t\t\t\t\t\r\n                    <\/h3>\r\n\t\t\t\t\t\r\n\t\t\t\t\t\t\t\t\r\n                                <div class=\"exad-post-footer\"><a href=\"https:\/\/www.efg-oldesloe.de\/wordpress\/03-04-2026-olaf-jahn-karfreitag\/\" target=\"_blank\" class=\"read-more\">Anh\u00f6ren<\/a><\/div>\r\n                                <ul class=\"exad-post-data show-avatar-no\">\r\n                                                <li class=\"exad-post-date\">\r\n                                <span>\r\n                                    Ver\u00f6ffentlicht:                                    <a href=\"https:\/\/www.efg-oldesloe.de\/wordpress\/03-04-2026-olaf-jahn-karfreitag\/\" class=\"exad-post-grid-author-date\">17. April 2026<\/a>\r\n                                <\/span>                          \r\n                            <\/li>\r\n                           \r\n                    <\/ul>\r\n                \r\n        <\/div>\r\n        \t\t\r\n\t\t\t\t\r\n    <\/div>\r\n<\/article>\r\n\r\n<article class=\"exad-post-grid-three exad-col  \">\r\n    <div class=\"exad-post-grid-container image-position- exad-post-grid-equal-height-no\">\r\n        \t\t\r\n\t\t        <div class=\"exad-post-grid-body\">\r\n            \t\t\t\t\r\n\t\t\t\t\t\t\t\r\n                    <h3>\r\n\t\t\t\t\t\r\n\t\t\t\t\t\t\t\t\r\n                        <a href=\"https:\/\/www.efg-oldesloe.de\/wordpress\/29-03-2026-uli-rave-joseph-der-anfang-ist-nicht-das-ende\/\" class=\"exad-post-grid-title\">29.03.2026 &#8211; Uli Rave &#8211; Joseph, der Anfang ist nicht...<\/a>\r\n\t\t\t\t\t\t\r\n\t\t\t\t\t\t\r\n                    <\/h3>\r\n\t\t\t\t\t\r\n\t\t\t\t\t\t\t\t\r\n                                <div class=\"exad-post-footer\"><a href=\"https:\/\/www.efg-oldesloe.de\/wordpress\/29-03-2026-uli-rave-joseph-der-anfang-ist-nicht-das-ende\/\" target=\"_blank\" class=\"read-more\">Anh\u00f6ren<\/a><\/div>\r\n                                <ul class=\"exad-post-data show-avatar-no\">\r\n                                                <li class=\"exad-post-date\">\r\n                                <span>\r\n                                    Ver\u00f6ffentlicht:                                    <a href=\"https:\/\/www.efg-oldesloe.de\/wordpress\/29-03-2026-uli-rave-joseph-der-anfang-ist-nicht-das-ende\/\" class=\"exad-post-grid-author-date\">2. April 2026<\/a>\r\n                                <\/span>                          \r\n                            <\/li>\r\n                           \r\n                    <\/ul>\r\n                \r\n        <\/div>\r\n        \t\t\r\n\t\t\t\t\r\n    <\/div>\r\n<\/article>\r\n\r\n<article class=\"exad-post-grid-three exad-col  \">\r\n    <div class=\"exad-post-grid-container image-position- exad-post-grid-equal-height-no\">\r\n        \t\t\r\n\t\t        <div class=\"exad-post-grid-body\">\r\n            \t\t\t\t\r\n\t\t\t\t\t\t\t\r\n                    <h3>\r\n\t\t\t\t\t\r\n\t\t\t\t\t\t\t\t\r\n                        <a href=\"https:\/\/www.efg-oldesloe.de\/wordpress\/22-03-2026-sebastian-schroeder-hebraeerbrief-erinnerung-fuer-die-gemeinde\/\" class=\"exad-post-grid-title\">22.03.2026 &#8211; Sebastian Schr\u00f6der &#8211; Hebr\u00e4erbrief, Erinnerung f\u00fcr die Gemeinde<\/a>\r\n\t\t\t\t\t\t\r\n\t\t\t\t\t\t\r\n                    <\/h3>\r\n\t\t\t\t\t\r\n\t\t\t\t\t\t\t\t\r\n                                <div class=\"exad-post-footer\"><a href=\"https:\/\/www.efg-oldesloe.de\/wordpress\/22-03-2026-sebastian-schroeder-hebraeerbrief-erinnerung-fuer-die-gemeinde\/\" target=\"_blank\" class=\"read-more\">Anh\u00f6ren<\/a><\/div>\r\n                                <ul class=\"exad-post-data show-avatar-no\">\r\n                                                <li class=\"exad-post-date\">\r\n                                <span>\r\n                                    Ver\u00f6ffentlicht:                                    <a href=\"https:\/\/www.efg-oldesloe.de\/wordpress\/22-03-2026-sebastian-schroeder-hebraeerbrief-erinnerung-fuer-die-gemeinde\/\" class=\"exad-post-grid-author-date\">2. April 2026<\/a>\r\n                                <\/span>                          \r\n                            <\/li>\r\n                           \r\n                    <\/ul>\r\n                \r\n        <\/div>\r\n        \t\t\r\n\t\t\t\t\r\n    <\/div>\r\n<\/article>\r\n\r\n<article class=\"exad-post-grid-three exad-col  \">\r\n    <div class=\"exad-post-grid-container image-position- exad-post-grid-equal-height-no\">\r\n        \t\t\r\n\t\t        <div class=\"exad-post-grid-body\">\r\n            \t\t\t\t\r\n\t\t\t\t\t\t\t\r\n                    <h3>\r\n\t\t\t\t\t\r\n\t\t\t\t\t\t\t\t\r\n                        <a href=\"https:\/\/www.efg-oldesloe.de\/wordpress\/15-03-2026-olaf-jahn-freuet-euch\/\" class=\"exad-post-grid-title\">15.03.2026 &#8211; Olaf Jahn &#8211; Freuet Euch!<\/a>\r\n\t\t\t\t\t\t\r\n\t\t\t\t\t\t\r\n                    <\/h3>\r\n\t\t\t\t\t\r\n\t\t\t\t\t\t\t\t\r\n                                <div class=\"exad-post-footer\"><a href=\"https:\/\/www.efg-oldesloe.de\/wordpress\/15-03-2026-olaf-jahn-freuet-euch\/\" target=\"_blank\" class=\"read-more\">Anh\u00f6ren<\/a><\/div>\r\n                                <ul class=\"exad-post-data show-avatar-no\">\r\n                                                <li class=\"exad-post-date\">\r\n                                <span>\r\n                                    Ver\u00f6ffentlicht:                                    <a href=\"https:\/\/www.efg-oldesloe.de\/wordpress\/15-03-2026-olaf-jahn-freuet-euch\/\" class=\"exad-post-grid-author-date\">16. M\u00e4rz 2026<\/a>\r\n                                <\/span>                          \r\n                            <\/li>\r\n                           \r\n                    <\/ul>\r\n                \r\n        <\/div>\r\n        \t\t\r\n\t\t\t\t\r\n    <\/div>\r\n<\/article>\r\n\r\n<article class=\"exad-post-grid-three exad-col  \">\r\n    <div class=\"exad-post-grid-container image-position- exad-post-grid-equal-height-no\">\r\n        \t\t\r\n\t\t        <div class=\"exad-post-grid-body\">\r\n            \t\t\t\t\r\n\t\t\t\t\t\t\t\r\n                    <h3>\r\n\t\t\t\t\t\r\n\t\t\t\t\t\t\t\t\r\n                        <a href=\"https:\/\/www.efg-oldesloe.de\/wordpress\/08-03-2026-detlef-kassow-glaube-oder-werke\/\" class=\"exad-post-grid-title\">08.03.2026 &#8211; Detlef Kassow &#8211; Glaube oder Werke?<\/a>\r\n\t\t\t\t\t\t\r\n\t\t\t\t\t\t\r\n                    <\/h3>\r\n\t\t\t\t\t\r\n\t\t\t\t\t\t\t\t\r\n                                <div class=\"exad-post-footer\"><a href=\"https:\/\/www.efg-oldesloe.de\/wordpress\/08-03-2026-detlef-kassow-glaube-oder-werke\/\" target=\"_blank\" class=\"read-more\">Anh\u00f6ren<\/a><\/div>\r\n                                <ul class=\"exad-post-data show-avatar-no\">\r\n                                                <li class=\"exad-post-date\">\r\n                                <span>\r\n                                    Ver\u00f6ffentlicht:                                    <a href=\"https:\/\/www.efg-oldesloe.de\/wordpress\/08-03-2026-detlef-kassow-glaube-oder-werke\/\" class=\"exad-post-grid-author-date\">16. M\u00e4rz 2026<\/a>\r\n                                <\/span>                          \r\n                            <\/li>\r\n                           \r\n                    <\/ul>\r\n                \r\n        <\/div>\r\n        \t\t\r\n\t\t\t\t\r\n    <\/div>\r\n<\/article>\r\n    \r\n\t\t\t<\/div>\r\n\t\t\t<div class=\"exad-post-grid-load-btn\">\r\n\t\t\t\t\t\t\t\t\t<a class=\"exad-post-grid-paginate-btn\" data-post-type=\"post\" data-posts_per_page=\"10\" data-post-offset=\"0\" data-post-order=\"desc\" data-post-order_by=\"date\" data-post-tag__in=\"\" data-post-thumbnail=\"\" data-post-thumb-size=\"medium_large\" data-equal_height=\"no\" data-enable_details_btn=\"yes\" data-details_btn_text=\"Anh\u00f6ren\" data-details_btn_text_tab=\"yes\" data-show-user-avatar=\"no\" data-show_user_name=\"\" data-post_data_position=\"post_data_bottom\" data-show_title=\"yes\" data-show_title_parmalink=\"no\" data-title_full=\"\" data-title_tag=\"h3\" data-show_read_time=\"\" data-show_comment=\"\" data-show_excerpt=\"\" data-excerpt_length=\"\" data-show_user_name_tag=\"\" data-user_name_tag=\"\" data-show_date=\"yes\" data-show_date_tag=\"yes\" data-date_tag=\"Ver\u00f6ffentlicht:\" data-title_length=\"10\" data-image_align=\"\" data-show_category=\"\" data-category_default_position=\"\" data-category_position_over_image=\"\" data-category=\"9\" data-tags=\"\" data-offset=\"0\" data-exclude_post=\"\" href=\"#\" role=\"button\">\r\n\t\t\t\t\t\tWeitere\t\t\t\t\t<\/a>\r\n\t\t\t\t\t\t\t<\/div>\r\n\t\t<\/div>\r\n\r\n\t\t\t\t\t<\/div>\n\t\t\t\t<\/div>\n\t\t\t\t\t<\/div>\n\t\t<\/div>\n\t\t\t\t\t<\/div>\n\t\t<\/section>\n\t\t\t\t<\/div>\n\t\t","protected":false},"excerpt":{"rendered":"<p>Predigtmediathek Egal ob du die Predigt verpasst hast oder wenn du sie noch einmal h\u00f6ren m\u00f6chtest. Hier hast du die M\u00f6glichkeit Klaus Hauser &#8211; Gebet Anh\u00f6ren Ver\u00f6ffentlicht: 7. Juli 2024 Karl Ro\u00df &#8211; Das Verh\u00e4ltnis von Glauben und Gehorsam Anh\u00f6ren Ver\u00f6ffentlicht: 30. Juni 2024 Karl Ro\u00df &#8211; online nicht verf\u00fcgbar ( keine Aufnahme) Anh\u00f6ren Ver\u00f6ffentlicht: [&hellip;]<\/p>\n","protected":false},"author":1,"featured_media":0,"parent":0,"menu_order":0,"comment_status":"closed","ping_status":"closed","template":"","meta":{"ocean_post_layout":"full-screen","ocean_both_sidebars_style":"","ocean_both_sidebars_content_width":0,"ocean_both_sidebars_sidebars_width":0,"ocean_sidebar":"0","ocean_second_sidebar":"0","ocean_disable_margins":"enable","ocean_add_body_class":"","ocean_shortcode_before_top_bar":"","ocean_shortcode_after_top_bar":"","ocean_shortcode_before_header":"","ocean_shortcode_after_header":"","ocean_has_shortcode":"","ocean_shortcode_after_title":"","ocean_shortcode_before_footer_widgets":"","ocean_shortcode_after_footer_widgets":"","ocean_shortcode_before_footer_bottom":"","ocean_shortcode_after_footer_bottom":"","ocean_display_top_bar":"default","ocean_display_header":"default","ocean_header_style":"","ocean_center_header_left_menu":"0","ocean_custom_header_template":"0","ocean_custom_logo":0,"ocean_custom_retina_logo":0,"ocean_custom_logo_max_width":0,"ocean_custom_logo_tablet_max_width":0,"ocean_custom_logo_mobile_max_width":0,"ocean_custom_logo_max_height":0,"ocean_custom_logo_tablet_max_height":0,"ocean_custom_logo_mobile_max_height":0,"ocean_header_custom_menu":"0","ocean_menu_typo_font_family":"0","ocean_menu_typo_font_subset":"","ocean_menu_typo_font_size":0,"ocean_menu_typo_font_size_tablet":0,"ocean_menu_typo_font_size_mobile":0,"ocean_menu_typo_font_size_unit":"px","ocean_menu_typo_font_weight":"","ocean_menu_typo_font_weight_tablet":"","ocean_menu_typo_font_weight_mobile":"","ocean_menu_typo_transform":"","ocean_menu_typo_transform_tablet":"","ocean_menu_typo_transform_mobile":"","ocean_menu_typo_line_height":0,"ocean_menu_typo_line_height_tablet":0,"ocean_menu_typo_line_height_mobile":0,"ocean_menu_typo_line_height_unit":"","ocean_menu_typo_spacing":0,"ocean_menu_typo_spacing_tablet":0,"ocean_menu_typo_spacing_mobile":0,"ocean_menu_typo_spacing_unit":"","ocean_menu_link_color":"","ocean_menu_link_color_hover":"","ocean_menu_link_color_active":"","ocean_menu_link_background":"","ocean_menu_link_hover_background":"","ocean_menu_link_active_background":"","ocean_menu_social_links_bg":"","ocean_menu_social_hover_links_bg":"","ocean_menu_social_links_color":"","ocean_menu_social_hover_links_color":"","ocean_disable_title":"on","ocean_disable_heading":"default","ocean_post_title":"","ocean_post_subheading":"","ocean_post_title_style":"","ocean_post_title_background_color":"","ocean_post_title_background":0,"ocean_post_title_bg_image_position":"","ocean_post_title_bg_image_attachment":"","ocean_post_title_bg_image_repeat":"","ocean_post_title_bg_image_size":"","ocean_post_title_height":0,"ocean_post_title_bg_overlay":0.5,"ocean_post_title_bg_overlay_color":"","ocean_disable_breadcrumbs":"default","ocean_breadcrumbs_color":"","ocean_breadcrumbs_separator_color":"","ocean_breadcrumbs_links_color":"","ocean_breadcrumbs_links_hover_color":"","ocean_display_footer_widgets":"off","ocean_display_footer_bottom":"default","ocean_custom_footer_template":"0","footnotes":""},"class_list":["post-840","page","type-page","status-publish","hentry","entry"],"_links":{"self":[{"href":"https:\/\/www.efg-oldesloe.de\/wordpress\/wp-json\/wp\/v2\/pages\/840","targetHints":{"allow":["GET"]}}],"collection":[{"href":"https:\/\/www.efg-oldesloe.de\/wordpress\/wp-json\/wp\/v2\/pages"}],"about":[{"href":"https:\/\/www.efg-oldesloe.de\/wordpress\/wp-json\/wp\/v2\/types\/page"}],"author":[{"embeddable":true,"href":"https:\/\/www.efg-oldesloe.de\/wordpress\/wp-json\/wp\/v2\/users\/1"}],"replies":[{"embeddable":true,"href":"https:\/\/www.efg-oldesloe.de\/wordpress\/wp-json\/wp\/v2\/comments?post=840"}],"version-history":[{"count":10,"href":"https:\/\/www.efg-oldesloe.de\/wordpress\/wp-json\/wp\/v2\/pages\/840\/revisions"}],"predecessor-version":[{"id":2842,"href":"https:\/\/www.efg-oldesloe.de\/wordpress\/wp-json\/wp\/v2\/pages\/840\/revisions\/2842"}],"wp:attachment":[{"href":"https:\/\/www.efg-oldesloe.de\/wordpress\/wp-json\/wp\/v2\/media?parent=840"}],"curies":[{"name":"wp","href":"https:\/\/api.w.org\/{rel}","templated":true}]}}